{"id":88,"date":"2022-11-28T19:13:57","date_gmt":"2022-11-28T19:13:57","guid":{"rendered":"https:\/\/dlc.co.at\/?page_id=88"},"modified":"2024-12-02T15:01:32","modified_gmt":"2024-12-02T13:01:32","slug":"pressekit","status":"publish","type":"page","link":"https:\/\/dlc.co.at\/en\/pressekit\/","title":{"rendered":"Presskit"},"content":{"rendered":"<div data-elementor-type=\"wp-page\" data-elementor-id=\"88\" class=\"elementor elementor-88\" data-elementor-post-type=\"page\">\n\t\t\t\t\t\t<section class=\"elementor-section elementor-top-section elementor-element elementor-element-73e02ac1 elementor-section-boxed elementor-section-height-default elementor-section-height-default\" data-id=\"73e02ac1\" data-element_type=\"section\" data-e-type=\"section\" data-settings=\"{&quot;background_background&quot;:&quot;classic&quot;}\">\n\t\t\t\t\t\t<div class=\"elementor-container elementor-column-gap-default\">\n\t\t\t\t\t<div class=\"elementor-column elementor-col-100 elementor-top-column elementor-element elementor-element-4d5f6416\" data-id=\"4d5f6416\" data-element_type=\"column\" data-e-type=\"column\">\n\t\t\t<div class=\"elementor-widget-wrap elementor-element-populated\">\n\t\t\t\t\t\t<div class=\"elementor-element elementor-element-59242fb4 elementor-widget elementor-widget-heading\" data-id=\"59242fb4\" data-element_type=\"widget\" data-e-type=\"widget\" data-widget_type=\"heading.default\">\n\t\t\t\t<div class=\"elementor-widget-container\">\n\t\t\t\t\t<h1 class=\"elementor-heading-title elementor-size-default\">Pressekit - DLC<\/h1>\t\t\t\t<\/div>\n\t\t\t\t<\/div>\n\t\t\t\t<div class=\"elementor-element elementor-element-8da121b elementor-widget elementor-widget-text-editor\" data-id=\"8da121b\" data-element_type=\"widget\" data-e-type=\"widget\" data-widget_type=\"text-editor.default\">\n\t\t\t\t<div class=\"elementor-widget-container\">\n\t\t\t\t\t\t\t\t\t<p>Die auf dieser Seite (Pressekit) zur Verf\u00fcgung gestellten Inhalte sind zur Verwendung Dritter, in online und offline Medien, freigegeben.<\/p>\t\t\t\t\t\t\t\t<\/div>\n\t\t\t\t<\/div>\n\t\t\t\t\t<\/div>\n\t\t<\/div>\n\t\t\t\t\t<\/div>\n\t\t<\/section>\n\t\t\t\t<section class=\"elementor-section elementor-top-section elementor-element elementor-element-6eaf60d elementor-section-boxed elementor-section-height-default elementor-section-height-default\" data-id=\"6eaf60d\" data-element_type=\"section\" data-e-type=\"section\">\n\t\t\t\t\t\t<div class=\"elementor-container elementor-column-gap-default\">\n\t\t\t\t\t<div class=\"elementor-column elementor-col-100 elementor-top-column elementor-element elementor-element-4577bd5\" data-id=\"4577bd5\" data-element_type=\"column\" data-e-type=\"column\">\n\t\t\t<div class=\"elementor-widget-wrap elementor-element-populated\">\n\t\t\t\t\t\t<div class=\"elementor-element elementor-element-896f9f2 elementor-widget elementor-widget-heading\" data-id=\"896f9f2\" data-element_type=\"widget\" data-e-type=\"widget\" data-widget_type=\"heading.default\">\n\t\t\t\t<div class=\"elementor-widget-container\">\n\t\t\t\t\t<h2 class=\"elementor-heading-title elementor-size-default\">Der DLC - Deutschlandsberger Lifestyle Club<\/h2>\t\t\t\t<\/div>\n\t\t\t\t<\/div>\n\t\t\t\t<div class=\"elementor-element elementor-element-beb2781 elementor-widget elementor-widget-text-editor\" data-id=\"beb2781\" data-element_type=\"widget\" data-e-type=\"widget\" data-widget_type=\"text-editor.default\">\n\t\t\t\t<div class=\"elementor-widget-container\">\n\t\t\t\t\t\t\t\t\t<p class=\"p2\">Der gemeinn\u00fctzige Verein DLC hat es sich zur Aufgabe gemacht, eine lebendige und vielf\u00e4ltige \u201eKultur-\u201c bzw. \u201eLifestyle-Szene\u201c zu schaffen, in der die sinnvolle Gestaltung und Nutzung von Ressourcen im Mittelpunkt stehen. Die Aktivit\u00e4ten des DLC umfassen musikalische Events, sportliche Herausforderungen, k\u00fcnstlerische Darbietungen und Bildungsangebote. Dabei steht die F\u00f6rderung von Kreativit\u00e4t, pers\u00f6nlichem Wachstum und sozialem Miteinander im Fokus.<\/p>\t\t\t\t\t\t\t\t<\/div>\n\t\t\t\t<\/div>\n\t\t\t\t<div class=\"elementor-element elementor-element-22ed57f elementor-blockquote--skin-quotation elementor-blockquote--align-left elementor-widget elementor-widget-blockquote\" data-id=\"22ed57f\" data-element_type=\"widget\" data-e-type=\"widget\" data-widget_type=\"blockquote.default\">\n\t\t\t\t<div class=\"elementor-widget-container\">\n\t\t\t\t\t\t\t<blockquote class=\"elementor-blockquote\">\n\t\t\t<p class=\"elementor-blockquote__content\">\n\t\t\t\tUnsere Vision ist es, eine lebendige Szene zu schaffen, in der Menschen ihre Leidenschaften entdecken, sich austauschen und gemeinsam etwas Sinnvolles schaffen k\u00f6nnen.Wir glauben an die transformative Kraft von Freizeitaktivit\u00e4ten und Bildung, um eine positive Ver\u00e4nderung in der Gesellschaft zu bewirken.\t\t\t<\/p>\n\t\t\t\t\t\t\t<div class=\"e-q-footer\">\n\t\t\t\t\t\t\t\t\t\t\t<cite class=\"elementor-blockquote__author\">Wolf Rauch \u2013 Obmann des DLC<\/cite>\n\t\t\t\t\t\t\t\t\t\t\t\t\t\t<\/div>\n\t\t\t\t\t<\/blockquote>\n\t\t\t\t\t\t<\/div>\n\t\t\t\t<\/div>\n\t\t\t\t<div class=\"elementor-element elementor-element-585c4f0 elementor-widget elementor-widget-text-editor\" data-id=\"585c4f0\" data-element_type=\"widget\" data-e-type=\"widget\" data-widget_type=\"text-editor.default\">\n\t\t\t\t<div class=\"elementor-widget-container\">\n\t\t\t\t\t\t\t\t\t<p class=\"p4\"><span class=\"s2\"><b>Kurz und Knapp<\/b><\/span><\/p><p class=\"p5\">Der DLC ist ein gemeinn\u00fctziger Verein, dessen Fokus auf der F\u00f6rderung von Freizeitaktivit\u00e4ten rund um Musik, Sport, Kunst und Weiterbildung liegt. Der Verein strebt die Schaffung einer lebendigen \u201eKultur-\u201c und \u201eLifestyle-Szene\u201c an, in der die sinnvolle Gestaltung und Nutzung von Ressourcen im Zentrum stehen.<\/p>\t\t\t\t\t\t\t\t<\/div>\n\t\t\t\t<\/div>\n\t\t\t\t\t<\/div>\n\t\t<\/div>\n\t\t\t\t\t<\/div>\n\t\t<\/section>\n\t\t\t\t<section class=\"elementor-section elementor-top-section elementor-element elementor-element-b1d7057 elementor-section-boxed elementor-section-height-default elementor-section-height-default\" data-id=\"b1d7057\" data-element_type=\"section\" data-e-type=\"section\">\n\t\t\t\t\t\t<div class=\"elementor-container elementor-column-gap-default\">\n\t\t\t\t\t<div class=\"elementor-column elementor-col-100 elementor-top-column elementor-element elementor-element-55b2955\" data-id=\"55b2955\" data-element_type=\"column\" data-e-type=\"column\">\n\t\t\t<div class=\"elementor-widget-wrap elementor-element-populated\">\n\t\t\t\t\t\t<div class=\"elementor-element elementor-element-32ee32f elementor-widget elementor-widget-heading\" data-id=\"32ee32f\" data-element_type=\"widget\" data-e-type=\"widget\" data-widget_type=\"heading.default\">\n\t\t\t\t<div class=\"elementor-widget-container\">\n\t\t\t\t\t<h2 class=\"elementor-heading-title elementor-size-default\">Logovarianten<\/h2>\t\t\t\t<\/div>\n\t\t\t\t<\/div>\n\t\t\t\t<section class=\"elementor-section elementor-inner-section elementor-element elementor-element-43f8831 elementor-section-boxed elementor-section-height-default elementor-section-height-default\" data-id=\"43f8831\" data-element_type=\"section\" data-e-type=\"section\">\n\t\t\t\t\t\t<div class=\"elementor-container elementor-column-gap-default\">\n\t\t\t\t\t<div class=\"elementor-column elementor-col-25 elementor-inner-column elementor-element elementor-element-20bfbf3\" data-id=\"20bfbf3\" data-element_type=\"column\" data-e-type=\"column\">\n\t\t\t<div class=\"elementor-widget-wrap elementor-element-populated\">\n\t\t\t\t\t\t<div class=\"elementor-element elementor-element-c7fbf77 elementor-widget__width-auto elementor-widget elementor-widget-image\" data-id=\"c7fbf77\" data-element_type=\"widget\" data-e-type=\"widget\" data-widget_type=\"image.default\">\n\t\t\t\t<div class=\"elementor-widget-container\">\n\t\t\t\t\t\t\t\t\t\t\t\t\t\t\t<img fetchpriority=\"high\" decoding=\"async\" width=\"800\" height=\"800\" src=\"https:\/\/dlc.co.at\/wp-content\/uploads\/2024\/01\/black-DLC-logo.svg\" class=\"attachment-large size-large wp-image-19025\" alt=\"\" \/>\t\t\t\t\t\t\t\t\t\t\t\t\t\t\t<\/div>\n\t\t\t\t<\/div>\n\t\t\t\t\t<\/div>\n\t\t<\/div>\n\t\t\t\t<div class=\"elementor-column elementor-col-25 elementor-inner-column elementor-element elementor-element-e8480b1\" data-id=\"e8480b1\" data-element_type=\"column\" data-e-type=\"column\">\n\t\t\t<div class=\"elementor-widget-wrap elementor-element-populated\">\n\t\t\t\t\t\t<div class=\"elementor-element elementor-element-743ef84 elementor-widget elementor-widget-text-editor\" data-id=\"743ef84\" data-element_type=\"widget\" data-e-type=\"widget\" data-widget_type=\"text-editor.default\">\n\t\t\t\t<div class=\"elementor-widget-container\">\n\t\t\t\t\t\t\t\t\t<p><strong>DLC Logo schwarz<\/strong><\/p>\t\t\t\t\t\t\t\t<\/div>\n\t\t\t\t<\/div>\n\t\t\t\t<div class=\"elementor-element elementor-element-6f50274 elementor-icon-list--layout-inline elementor-align-start elementor-list-item-link-full_width elementor-widget elementor-widget-icon-list\" data-id=\"6f50274\" data-element_type=\"widget\" data-e-type=\"widget\" data-widget_type=\"icon-list.default\">\n\t\t\t\t<div class=\"elementor-widget-container\">\n\t\t\t\t\t\t\t<ul class=\"elementor-icon-list-items elementor-inline-items\">\n\t\t\t\t\t\t\t<li class=\"elementor-icon-list-item elementor-inline-item\">\n\t\t\t\t\t\t\t\t\t\t\t<a href=\"https:\/\/dlc.co.at\/wp-content\/uploads\/2024\/01\/on_white-DLC-logo.jpg\" download=\"\">\n\n\t\t\t\t\t\t\t\t\t\t\t\t<span class=\"elementor-icon-list-icon\">\n\t\t\t\t\t\t\t<svg aria-hidden=\"true\" class=\"e-font-icon-svg e-fas-download\" viewbox=\"0 0 512 512\" xmlns=\"http:\/\/www.w3.org\/2000\/svg\"><path d=\"M216 0h80c13.3 0 24 10.7 24 24v168h87.7c17.8 0 26.7 21.5 14.1 34.1L269.7 378.3c-7.5 7.5-19.8 7.5-27.3 0L90.1 226.1c-12.6-12.6-3.7-34.1 14.1-34.1H192V24c0-13.3 10.7-24 24-24zm296 376v112c0 13.3-10.7 24-24 24H24c-13.3 0-24-10.7-24-24V376c0-13.3 10.7-24 24-24h146.7l49 49c20.1 20.1 52.5 20.1 72.6 0l49-49H488c13.3 0 24 10.7 24 24zm-124 88c0-11-9-20-20-20s-20 9-20 20 9 20 20 20 20-9 20-20zm64 0c0-11-9-20-20-20s-20 9-20 20 9 20 20 20 20-9 20-20z\"><\/path><\/svg>\t\t\t\t\t\t<\/span>\n\t\t\t\t\t\t\t\t\t\t<span class=\"elementor-icon-list-text\">JPG  (DRUCK)<\/span>\n\t\t\t\t\t\t\t\t\t\t\t<\/a>\n\t\t\t\t\t\t\t\t\t<\/li>\n\t\t\t\t\t\t\t\t<li class=\"elementor-icon-list-item elementor-inline-item\">\n\t\t\t\t\t\t\t\t\t\t\t<a href=\"https:\/\/dlc.co.at\/wp-content\/uploads\/2024\/01\/black-DLC-logo.png\" download=\"\">\n\n\t\t\t\t\t\t\t\t\t\t\t\t<span class=\"elementor-icon-list-icon\">\n\t\t\t\t\t\t\t<svg aria-hidden=\"true\" class=\"e-font-icon-svg e-fas-download\" viewbox=\"0 0 512 512\" xmlns=\"http:\/\/www.w3.org\/2000\/svg\"><path d=\"M216 0h80c13.3 0 24 10.7 24 24v168h87.7c17.8 0 26.7 21.5 14.1 34.1L269.7 378.3c-7.5 7.5-19.8 7.5-27.3 0L90.1 226.1c-12.6-12.6-3.7-34.1 14.1-34.1H192V24c0-13.3 10.7-24 24-24zm296 376v112c0 13.3-10.7 24-24 24H24c-13.3 0-24-10.7-24-24V376c0-13.3 10.7-24 24-24h146.7l49 49c20.1 20.1 52.5 20.1 72.6 0l49-49H488c13.3 0 24 10.7 24 24zm-124 88c0-11-9-20-20-20s-20 9-20 20 9 20 20 20 20-9 20-20zm64 0c0-11-9-20-20-20s-20 9-20 20 9 20 20 20 20-9 20-20z\"><\/path><\/svg>\t\t\t\t\t\t<\/span>\n\t\t\t\t\t\t\t\t\t\t<span class=\"elementor-icon-list-text\">PNG (WEB)<\/span>\n\t\t\t\t\t\t\t\t\t\t\t<\/a>\n\t\t\t\t\t\t\t\t\t<\/li>\n\t\t\t\t\t\t\t\t<li class=\"elementor-icon-list-item elementor-inline-item\">\n\t\t\t\t\t\t\t\t\t\t\t<a href=\"https:\/\/dlc.co.at\/wp-content\/uploads\/2024\/01\/black-DLC-logo-1.svg\" download=\"\">\n\n\t\t\t\t\t\t\t\t\t\t\t\t<span class=\"elementor-icon-list-icon\">\n\t\t\t\t\t\t\t<svg aria-hidden=\"true\" class=\"e-font-icon-svg e-fas-download\" viewbox=\"0 0 512 512\" xmlns=\"http:\/\/www.w3.org\/2000\/svg\"><path d=\"M216 0h80c13.3 0 24 10.7 24 24v168h87.7c17.8 0 26.7 21.5 14.1 34.1L269.7 378.3c-7.5 7.5-19.8 7.5-27.3 0L90.1 226.1c-12.6-12.6-3.7-34.1 14.1-34.1H192V24c0-13.3 10.7-24 24-24zm296 376v112c0 13.3-10.7 24-24 24H24c-13.3 0-24-10.7-24-24V376c0-13.3 10.7-24 24-24h146.7l49 49c20.1 20.1 52.5 20.1 72.6 0l49-49H488c13.3 0 24 10.7 24 24zm-124 88c0-11-9-20-20-20s-20 9-20 20 9 20 20 20 20-9 20-20zm64 0c0-11-9-20-20-20s-20 9-20 20 9 20 20 20 20-9 20-20z\"><\/path><\/svg>\t\t\t\t\t\t<\/span>\n\t\t\t\t\t\t\t\t\t\t<span class=\"elementor-icon-list-text\">SVG<\/span>\n\t\t\t\t\t\t\t\t\t\t\t<\/a>\n\t\t\t\t\t\t\t\t\t<\/li>\n\t\t\t\t\t\t<\/ul>\n\t\t\t\t\t\t<\/div>\n\t\t\t\t<\/div>\n\t\t\t\t\t<\/div>\n\t\t<\/div>\n\t\t\t\t<div class=\"elementor-column elementor-col-25 elementor-inner-column elementor-element elementor-element-8587929\" data-id=\"8587929\" data-element_type=\"column\" data-e-type=\"column\">\n\t\t\t<div class=\"elementor-widget-wrap elementor-element-populated\">\n\t\t\t\t\t\t<div class=\"elementor-element elementor-element-e3b3210 elementor-widget elementor-widget-image\" data-id=\"e3b3210\" data-element_type=\"widget\" data-e-type=\"widget\" data-widget_type=\"image.default\">\n\t\t\t\t<div class=\"elementor-widget-container\">\n\t\t\t\t\t\t\t\t\t\t\t\t\t\t\t<img decoding=\"async\" width=\"800\" height=\"800\" src=\"https:\/\/dlc.co.at\/wp-content\/uploads\/2024\/01\/dlc_logo_white.svg\" class=\"attachment-large size-large wp-image-19027\" alt=\"\" \/>\t\t\t\t\t\t\t\t\t\t\t\t\t\t\t<\/div>\n\t\t\t\t<\/div>\n\t\t\t\t\t<\/div>\n\t\t<\/div>\n\t\t\t\t<div class=\"elementor-column elementor-col-25 elementor-inner-column elementor-element elementor-element-76e8ab6\" data-id=\"76e8ab6\" data-element_type=\"column\" data-e-type=\"column\">\n\t\t\t<div class=\"elementor-widget-wrap elementor-element-populated\">\n\t\t\t\t\t\t<div class=\"elementor-element elementor-element-3106042 elementor-widget elementor-widget-text-editor\" data-id=\"3106042\" data-element_type=\"widget\" data-e-type=\"widget\" data-widget_type=\"text-editor.default\">\n\t\t\t\t<div class=\"elementor-widget-container\">\n\t\t\t\t\t\t\t\t\t<p><strong>DLC Logo schwarz<\/strong><\/p>\t\t\t\t\t\t\t\t<\/div>\n\t\t\t\t<\/div>\n\t\t\t\t<div class=\"elementor-element elementor-element-25e30fd elementor-icon-list--layout-inline elementor-align-start elementor-list-item-link-full_width elementor-widget elementor-widget-icon-list\" data-id=\"25e30fd\" data-element_type=\"widget\" data-e-type=\"widget\" data-widget_type=\"icon-list.default\">\n\t\t\t\t<div class=\"elementor-widget-container\">\n\t\t\t\t\t\t\t<ul class=\"elementor-icon-list-items elementor-inline-items\">\n\t\t\t\t\t\t\t<li class=\"elementor-icon-list-item elementor-inline-item\">\n\t\t\t\t\t\t\t\t\t\t\t<a href=\"https:\/\/dlc.co.at\/wp-content\/uploads\/2024\/01\/white-DLC-logo.png\" download=\"\">\n\n\t\t\t\t\t\t\t\t\t\t\t\t<span class=\"elementor-icon-list-icon\">\n\t\t\t\t\t\t\t<svg aria-hidden=\"true\" class=\"e-font-icon-svg e-fas-download\" viewbox=\"0 0 512 512\" xmlns=\"http:\/\/www.w3.org\/2000\/svg\"><path d=\"M216 0h80c13.3 0 24 10.7 24 24v168h87.7c17.8 0 26.7 21.5 14.1 34.1L269.7 378.3c-7.5 7.5-19.8 7.5-27.3 0L90.1 226.1c-12.6-12.6-3.7-34.1 14.1-34.1H192V24c0-13.3 10.7-24 24-24zm296 376v112c0 13.3-10.7 24-24 24H24c-13.3 0-24-10.7-24-24V376c0-13.3 10.7-24 24-24h146.7l49 49c20.1 20.1 52.5 20.1 72.6 0l49-49H488c13.3 0 24 10.7 24 24zm-124 88c0-11-9-20-20-20s-20 9-20 20 9 20 20 20 20-9 20-20zm64 0c0-11-9-20-20-20s-20 9-20 20 9 20 20 20 20-9 20-20z\"><\/path><\/svg>\t\t\t\t\t\t<\/span>\n\t\t\t\t\t\t\t\t\t\t<span class=\"elementor-icon-list-text\">PNG (WEB)<\/span>\n\t\t\t\t\t\t\t\t\t\t\t<\/a>\n\t\t\t\t\t\t\t\t\t<\/li>\n\t\t\t\t\t\t\t\t<li class=\"elementor-icon-list-item elementor-inline-item\">\n\t\t\t\t\t\t\t\t\t\t\t<a href=\"https:\/\/dlc.co.at\/wp-content\/uploads\/2024\/01\/white-DLC-logo.svg\" download=\"\">\n\n\t\t\t\t\t\t\t\t\t\t\t\t<span class=\"elementor-icon-list-icon\">\n\t\t\t\t\t\t\t<svg aria-hidden=\"true\" class=\"e-font-icon-svg e-fas-download\" viewbox=\"0 0 512 512\" xmlns=\"http:\/\/www.w3.org\/2000\/svg\"><path d=\"M216 0h80c13.3 0 24 10.7 24 24v168h87.7c17.8 0 26.7 21.5 14.1 34.1L269.7 378.3c-7.5 7.5-19.8 7.5-27.3 0L90.1 226.1c-12.6-12.6-3.7-34.1 14.1-34.1H192V24c0-13.3 10.7-24 24-24zm296 376v112c0 13.3-10.7 24-24 24H24c-13.3 0-24-10.7-24-24V376c0-13.3 10.7-24 24-24h146.7l49 49c20.1 20.1 52.5 20.1 72.6 0l49-49H488c13.3 0 24 10.7 24 24zm-124 88c0-11-9-20-20-20s-20 9-20 20 9 20 20 20 20-9 20-20zm64 0c0-11-9-20-20-20s-20 9-20 20 9 20 20 20 20-9 20-20z\"><\/path><\/svg>\t\t\t\t\t\t<\/span>\n\t\t\t\t\t\t\t\t\t\t<span class=\"elementor-icon-list-text\">SVG<\/span>\n\t\t\t\t\t\t\t\t\t\t\t<\/a>\n\t\t\t\t\t\t\t\t\t<\/li>\n\t\t\t\t\t\t<\/ul>\n\t\t\t\t\t\t<\/div>\n\t\t\t\t<\/div>\n\t\t\t\t\t<\/div>\n\t\t<\/div>\n\t\t\t\t\t<\/div>\n\t\t<\/section>\n\t\t\t\t\t<\/div>\n\t\t<\/div>\n\t\t\t\t\t<\/div>\n\t\t<\/section>\n\t\t\t\t<\/div>","protected":false},"excerpt":{"rendered":"<p>Pressekit &#8211; DLC Die auf dieser Seite (Pressekit) zur Verf\u00fcgung gestellten Inhalte sind zur Verwendung Dritter, in online und offline Medien, freigegeben. Der DLC &#8211; Deutschlandsberger Lifestyle Club Der gemeinn\u00fctzige Verein DLC hat es sich zur Aufgabe gemacht, eine lebendige und vielf\u00e4ltige \u201eKultur-\u201c bzw. \u201eLifestyle-Szene\u201c zu schaffen, in der die sinnvolle Gestaltung und Nutzung von [&hellip;]<\/p>\n","protected":false},"author":1,"featured_media":0,"parent":0,"menu_order":0,"comment_status":"closed","ping_status":"closed","template":"","meta":{"_acf_changed":false,"inline_featured_image":false,"footnotes":""},"class_list":["post-88","page","type-page","status-publish","hentry"],"acf":[],"yoast_head":"<!-- This site is optimized with the Yoast SEO plugin v27.3 - https:\/\/yoast.com\/product\/yoast-seo-wordpress\/ -->\n<title>DLC Pressekit<\/title>\n<meta name=\"description\" content=\"Hier findest du alle presse- und branding-relevanten Inhalte zum DLC - Deutschlandsberger Lifestyle Club als Download.\" \/>\n<meta name=\"robots\" content=\"noindex, follow\" \/>\n<meta property=\"og:locale\" content=\"en_GB\" \/>\n<meta property=\"og:type\" content=\"article\" \/>\n<meta property=\"og:title\" content=\"DLC Pressekit\" \/>\n<meta property=\"og:description\" content=\"Hier findest du alle presse- und branding-relevanten Inhalte zum DLC - Deutschlandsberger Lifestyle Club als Download.\" \/>\n<meta property=\"og:url\" content=\"https:\/\/dlc.co.at\/en\/pressekit\/\" \/>\n<meta property=\"og:site_name\" content=\"DLC - Deutschlandsberger Lifestyle Club\" \/>\n<meta property=\"article:publisher\" content=\"https:\/\/www.facebook.com\/profile.php?id=100084118183139\" \/>\n<meta property=\"article:modified_time\" content=\"2024-12-02T13:01:32+00:00\" \/>\n<meta property=\"og:image\" content=\"https:\/\/dlc.co.at\/wp-content\/uploads\/2024\/01\/black-DLC-logo.svg\" \/>\n<meta name=\"twitter:card\" content=\"summary_large_image\" \/>\n<meta name=\"twitter:label1\" content=\"Estimated reading time\" \/>\n\t<meta name=\"twitter:data1\" content=\"2 minutes\" \/>\n<script type=\"application\/ld+json\" class=\"yoast-schema-graph\">{\"@context\":\"https:\\\/\\\/schema.org\",\"@graph\":[{\"@type\":\"WebPage\",\"@id\":\"https:\\\/\\\/dlc.co.at\\\/pressekit\\\/\",\"url\":\"https:\\\/\\\/dlc.co.at\\\/pressekit\\\/\",\"name\":\"DLC Pressekit\",\"isPartOf\":{\"@id\":\"https:\\\/\\\/dlc.co.at\\\/#website\"},\"primaryImageOfPage\":{\"@id\":\"https:\\\/\\\/dlc.co.at\\\/pressekit\\\/#primaryimage\"},\"image\":{\"@id\":\"https:\\\/\\\/dlc.co.at\\\/pressekit\\\/#primaryimage\"},\"thumbnailUrl\":\"https:\\\/\\\/dlc.co.at\\\/wp-content\\\/uploads\\\/2024\\\/01\\\/black-DLC-logo.svg\",\"datePublished\":\"2022-11-28T19:13:57+00:00\",\"dateModified\":\"2024-12-02T13:01:32+00:00\",\"description\":\"Hier findest du alle presse- und branding-relevanten Inhalte zum DLC - Deutschlandsberger Lifestyle Club als Download.\",\"breadcrumb\":{\"@id\":\"https:\\\/\\\/dlc.co.at\\\/pressekit\\\/#breadcrumb\"},\"inLanguage\":\"en-GB\",\"potentialAction\":[{\"@type\":\"ReadAction\",\"target\":[\"https:\\\/\\\/dlc.co.at\\\/pressekit\\\/\"]}]},{\"@type\":\"ImageObject\",\"inLanguage\":\"en-GB\",\"@id\":\"https:\\\/\\\/dlc.co.at\\\/pressekit\\\/#primaryimage\",\"url\":\"https:\\\/\\\/dlc.co.at\\\/wp-content\\\/uploads\\\/2024\\\/01\\\/black-DLC-logo.svg\",\"contentUrl\":\"https:\\\/\\\/dlc.co.at\\\/wp-content\\\/uploads\\\/2024\\\/01\\\/black-DLC-logo.svg\"},{\"@type\":\"BreadcrumbList\",\"@id\":\"https:\\\/\\\/dlc.co.at\\\/pressekit\\\/#breadcrumb\",\"itemListElement\":[{\"@type\":\"ListItem\",\"position\":1,\"name\":\"Startseite\",\"item\":\"https:\\\/\\\/dlc.co.at\\\/\"},{\"@type\":\"ListItem\",\"position\":2,\"name\":\"Pressekit\"}]},{\"@type\":\"WebSite\",\"@id\":\"https:\\\/\\\/dlc.co.at\\\/#website\",\"url\":\"https:\\\/\\\/dlc.co.at\\\/\",\"name\":\"DLC - Deutschlandsberger Lifestyle Club\",\"description\":\"Verein zur F\u00f6rderung von Musik, Kunst und Kultur in Deutschlandsberg\",\"publisher\":{\"@id\":\"https:\\\/\\\/dlc.co.at\\\/#organization\"},\"potentialAction\":[{\"@type\":\"SearchAction\",\"target\":{\"@type\":\"EntryPoint\",\"urlTemplate\":\"https:\\\/\\\/dlc.co.at\\\/?s={search_term_string}\"},\"query-input\":{\"@type\":\"PropertyValueSpecification\",\"valueRequired\":true,\"valueName\":\"search_term_string\"}}],\"inLanguage\":\"en-GB\"},{\"@type\":\"Organization\",\"@id\":\"https:\\\/\\\/dlc.co.at\\\/#organization\",\"name\":\"DLC - Deutschlandsberger Lifestyle Club\",\"url\":\"https:\\\/\\\/dlc.co.at\\\/\",\"logo\":{\"@type\":\"ImageObject\",\"inLanguage\":\"en-GB\",\"@id\":\"https:\\\/\\\/dlc.co.at\\\/#\\\/schema\\\/logo\\\/image\\\/\",\"url\":\"https:\\\/\\\/dlc.co.at\\\/wp-content\\\/uploads\\\/2022\\\/12\\\/dlc_logo_black.svg\",\"contentUrl\":\"https:\\\/\\\/dlc.co.at\\\/wp-content\\\/uploads\\\/2022\\\/12\\\/dlc_logo_black.svg\",\"width\":234,\"height\":234,\"caption\":\"DLC - Deutschlandsberger Lifestyle Club\"},\"image\":{\"@id\":\"https:\\\/\\\/dlc.co.at\\\/#\\\/schema\\\/logo\\\/image\\\/\"},\"sameAs\":[\"https:\\\/\\\/www.facebook.com\\\/profile.php?id=100084118183139\",\"https:\\\/\\\/www.instagram.com\\\/dlbg_lfstyl_club\\\/\"]}]}<\/script>\n<!-- \/ Yoast SEO plugin. -->","yoast_head_json":{"title":"DLC Pressekit","description":"Hier findest du alle presse- und branding-relevanten Inhalte zum DLC - Deutschlandsberger Lifestyle Club als Download.","robots":{"index":"noindex","follow":"follow"},"og_locale":"en_GB","og_type":"article","og_title":"DLC Pressekit","og_description":"Hier findest du alle presse- und branding-relevanten Inhalte zum DLC - Deutschlandsberger Lifestyle Club als Download.","og_url":"https:\/\/dlc.co.at\/en\/pressekit\/","og_site_name":"DLC - Deutschlandsberger Lifestyle Club","article_publisher":"https:\/\/www.facebook.com\/profile.php?id=100084118183139","article_modified_time":"2024-12-02T13:01:32+00:00","og_image":[{"url":"https:\/\/dlc.co.at\/wp-content\/uploads\/2024\/01\/black-DLC-logo.svg","type":"","width":"","height":""}],"twitter_card":"summary_large_image","twitter_misc":{"Estimated reading time":"2 minutes"},"schema":{"@context":"https:\/\/schema.org","@graph":[{"@type":"WebPage","@id":"https:\/\/dlc.co.at\/pressekit\/","url":"https:\/\/dlc.co.at\/pressekit\/","name":"DLC Pressekit","isPartOf":{"@id":"https:\/\/dlc.co.at\/#website"},"primaryImageOfPage":{"@id":"https:\/\/dlc.co.at\/pressekit\/#primaryimage"},"image":{"@id":"https:\/\/dlc.co.at\/pressekit\/#primaryimage"},"thumbnailUrl":"https:\/\/dlc.co.at\/wp-content\/uploads\/2024\/01\/black-DLC-logo.svg","datePublished":"2022-11-28T19:13:57+00:00","dateModified":"2024-12-02T13:01:32+00:00","description":"Hier findest du alle presse- und branding-relevanten Inhalte zum DLC - Deutschlandsberger Lifestyle Club als Download.","breadcrumb":{"@id":"https:\/\/dlc.co.at\/pressekit\/#breadcrumb"},"inLanguage":"en-GB","potentialAction":[{"@type":"ReadAction","target":["https:\/\/dlc.co.at\/pressekit\/"]}]},{"@type":"ImageObject","inLanguage":"en-GB","@id":"https:\/\/dlc.co.at\/pressekit\/#primaryimage","url":"https:\/\/dlc.co.at\/wp-content\/uploads\/2024\/01\/black-DLC-logo.svg","contentUrl":"https:\/\/dlc.co.at\/wp-content\/uploads\/2024\/01\/black-DLC-logo.svg"},{"@type":"BreadcrumbList","@id":"https:\/\/dlc.co.at\/pressekit\/#breadcrumb","itemListElement":[{"@type":"ListItem","position":1,"name":"Startseite","item":"https:\/\/dlc.co.at\/"},{"@type":"ListItem","position":2,"name":"Pressekit"}]},{"@type":"WebSite","@id":"https:\/\/dlc.co.at\/#website","url":"https:\/\/dlc.co.at\/","name":"DLC - Deutschlandsberger Lifestyle Club","description":"Verein zur F\u00f6rderung von Musik, Kunst und Kultur in Deutschlandsberg","publisher":{"@id":"https:\/\/dlc.co.at\/#organization"},"potentialAction":[{"@type":"SearchAction","target":{"@type":"EntryPoint","urlTemplate":"https:\/\/dlc.co.at\/?s={search_term_string}"},"query-input":{"@type":"PropertyValueSpecification","valueRequired":true,"valueName":"search_term_string"}}],"inLanguage":"en-GB"},{"@type":"Organization","@id":"https:\/\/dlc.co.at\/#organization","name":"DLC - Deutschlandsberger Lifestyle Club","url":"https:\/\/dlc.co.at\/","logo":{"@type":"ImageObject","inLanguage":"en-GB","@id":"https:\/\/dlc.co.at\/#\/schema\/logo\/image\/","url":"https:\/\/dlc.co.at\/wp-content\/uploads\/2022\/12\/dlc_logo_black.svg","contentUrl":"https:\/\/dlc.co.at\/wp-content\/uploads\/2022\/12\/dlc_logo_black.svg","width":234,"height":234,"caption":"DLC - Deutschlandsberger Lifestyle Club"},"image":{"@id":"https:\/\/dlc.co.at\/#\/schema\/logo\/image\/"},"sameAs":["https:\/\/www.facebook.com\/profile.php?id=100084118183139","https:\/\/www.instagram.com\/dlbg_lfstyl_club\/"]}]}},"_links":{"self":[{"href":"https:\/\/dlc.co.at\/en\/wp-json\/wp\/v2\/pages\/88","targetHints":{"allow":["GET"]}}],"collection":[{"href":"https:\/\/dlc.co.at\/en\/wp-json\/wp\/v2\/pages"}],"about":[{"href":"https:\/\/dlc.co.at\/en\/wp-json\/wp\/v2\/types\/page"}],"author":[{"embeddable":true,"href":"https:\/\/dlc.co.at\/en\/wp-json\/wp\/v2\/users\/1"}],"replies":[{"embeddable":true,"href":"https:\/\/dlc.co.at\/en\/wp-json\/wp\/v2\/comments?post=88"}],"version-history":[{"count":76,"href":"https:\/\/dlc.co.at\/en\/wp-json\/wp\/v2\/pages\/88\/revisions"}],"predecessor-version":[{"id":19131,"href":"https:\/\/dlc.co.at\/en\/wp-json\/wp\/v2\/pages\/88\/revisions\/19131"}],"wp:attachment":[{"href":"https:\/\/dlc.co.at\/en\/wp-json\/wp\/v2\/media?parent=88"}],"curies":[{"name":"wp","href":"https:\/\/api.w.org\/{rel}","templated":true}]}}