{"id":199,"date":"2022-11-28T20:17:50","date_gmt":"2022-11-28T20:17:50","guid":{"rendered":"https:\/\/dlc.co.at\/?page_id=199"},"modified":"2025-11-27T14:28:51","modified_gmt":"2025-11-27T12:28:51","slug":"datenschutz","status":"publish","type":"page","link":"https:\/\/dlc.co.at\/en\/datenschutz\/","title":{"rendered":"Privacy Policy"},"content":{"rendered":"<div data-elementor-type=\"wp-page\" data-elementor-id=\"199\" class=\"elementor elementor-199\" data-elementor-post-type=\"page\">\n\t\t\t\t\t\t<section class=\"elementor-section elementor-top-section elementor-element elementor-element-24eb6b0 elementor-section-boxed elementor-section-height-default elementor-section-height-default\" data-id=\"24eb6b0\" data-element_type=\"section\" data-e-type=\"section\" data-settings=\"{&quot;background_background&quot;:&quot;classic&quot;}\">\n\t\t\t\t\t\t<div class=\"elementor-container elementor-column-gap-default\">\n\t\t\t\t\t<div class=\"elementor-column elementor-col-100 elementor-top-column elementor-element elementor-element-f5c1a58\" data-id=\"f5c1a58\" data-element_type=\"column\" data-e-type=\"column\">\n\t\t\t<div class=\"elementor-widget-wrap elementor-element-populated\">\n\t\t\t\t\t\t<div class=\"elementor-element elementor-element-6f76397 elementor-widget elementor-widget-heading\" data-id=\"6f76397\" data-element_type=\"widget\" data-e-type=\"widget\" data-widget_type=\"heading.default\">\n\t\t\t\t<div class=\"elementor-widget-container\">\n\t\t\t\t\t<h1 class=\"elementor-heading-title elementor-size-default\">Privacy Policy<\/h1>\t\t\t\t<\/div>\n\t\t\t\t<\/div>\n\t\t\t\t<div class=\"elementor-element elementor-element-a06a09e elementor-widget elementor-widget-text-editor\" data-id=\"a06a09e\" data-element_type=\"widget\" data-e-type=\"widget\" data-widget_type=\"text-editor.default\">\n\t\t\t\t<div class=\"elementor-widget-container\">\n\t\t\t\t\t\t\t\t\t<p>The protection of your personal data is of particular concern to us. Therefore, we process your data exclusively in accordance with the statutory provisions (GDPR, Austrian Telecommunications Act 2003). In this data protection information, we inform you about the most important aspects of data processing within the scope of our website.<\/p><p>When visiting our website, your IP address, start, and end of the session for the duration of this session are recorded. This is technically necessary and therefore constitutes a legitimate interest within the meaning of Art. 6 Para. 1 lit. f GDPR. Unless otherwise stated below, we do not process these data further.<\/p><p>\u00a0<\/p><p>1. Contacting us<br \/>If you contact us via the form on the website or by email, your provided data will be stored by us for the purpose of processing the request and in case of follow-up questions for six months. We do not disclose this data without your consent.<\/p><p><strong>1.1 Registration for our events<\/strong><br \/>By entering my information into the aforementioned list, I agree that all personal data provided by me, namely name and email address, will be processed by DLC - Deutschlandsberger Lifestyle Club for the purpose of providing information about events and services offered by DLC - Deutschlandsberger Lifestyle Club.<\/p><p>\u00a0<\/p><p>2. Cookies<\/p><p>Our website uses so-called cookies. These are small text files that are stored on your device with the help of your browser. They do not cause any harm. We use cookies to make our offer user-friendly. Some cookies remain stored on your device until you delete them. They enable us to recognize your browser on your next visit. If you do not wish this, you can set up your browser so that it informs you about the setting of cookies and you only allow this in individual cases. If cookies are deactivated, the functionality of our website may be limited.<\/p><p>\u00a0<\/p><p><strong>Web-Analysis<br \/><\/strong><\/p><p>When visiting this website, personal data is processed. The processed data categories include technical connection data of server access (IP address, date, time, requested page, browser information) as well as data about the usage of the website, including logging of clicks on individual elements.<\/p><p>The purpose of the processing is anonymization and the creation of statistics, analyzing user behavior, and optimizing content. The legal basis for processing is your consent according to Art. 6 (1) a GDPR.<\/p><p>There is a transmission of data to the independent controller Google LLC, Amphitheatre Parkway, Mountain View, CA 94043, USA. The legal basis for the transfer of data to Google LLC is also your consent according to Art. 6 (1) a GDPR. This transmission may also involve the transfer of personal data to a country outside the European Union. The transfer to the USA is based on Art. 45 GDPR in conjunction with the adequacy decision C(2023) 4745 of the European Commission. This is based on the fact that the data recipient has committed to comply with the principles of the Data Privacy Framework (DPF).<\/p><p>Information about the DPF membership of Google LLC is available at: <a href=\"https:\/\/www.dataprivacyframework.gov\/s\/participant-search\/participant-detail?id=a2zt000000001L5AAI&amp;status=Active\" target=\"_blank\" rel=\"noopener\">DPF-Mitgliedschaft von Google LLC<\/a><\/p><p>\u00a0<\/p><p><strong>4. Association Pages on Social Media<\/strong><\/p><p>\u00a0<\/p><p><strong>4.1 Facebook and Instagram<br \/><\/strong><\/p><p>We have set up pages for the association on Facebook and Instagram. This way, we inform you, for example, about current events, projects, and content specific to the association. You can mark our pages with 'Like' to receive the latest news from us and stay 'Up to Date.' Depending on your privacy settings, we may see whether you have 'liked' us or not.<\/p><p><strong>4.2 Facebook<\/strong><\/p><p>When commenting, liking, or engaging in other interactions on Facebook itself, you must consider the privacy policy of the providers. Facebook, as the operator of a social media platform, processes personal data of users and visitors for advertising purposes, market research, and for creating statistics.<\/p><p>In the event of a request for information and the assertion of user rights, we would like to point out that these should be asserted most effectively with the providers themselves. The providers can provide precise information about the collected data and take appropriate measures.<\/p><p>Further information on the processing of data by Facebook can be found at:\u00a0<a href=\"https:\/\/www.facebook.com\/about\/privacy\/\" target=\"_blank\" rel=\"noreferrer noopener\">https:\/\/www.facebook.com\/about\/privacy\/<\/a><br \/>Agreement on joint processing of personal data:\u00a0 <a href=\"https:\/\/www.facebook.com\/legal\/terms\/page_controller_addendum\" target=\"_blank\" rel=\"noreferrer noopener\">https:\/\/www.facebook.com\/legal\/terms\/page_controller_addendum<\/a><\/p><p>Facebook is operated by Meta Platforms, Inc.<\/p><p class=\"translation-block\"><strong>4.3 Instagram<\/strong>\u00a0<strong>in detail<\/strong><\/p><p>On our website, functions and content of the Instagram service, offered by Meta Platforms, Inc., can be integrated. This includes images, videos, or buttons that users can use to show their connection or subscribe to our content or posts. If you are a member on Instagram, Instagram can associate the access to the above-mentioned content and functions with your Instagram profile.<\/p><p>Privacy Policy Instagram: <a href=\"http:\/\/instagram.com\/about\/legal\/privacy\/\" target=\"_blank\" rel=\"noreferrer noopener\">http:\/\/instagram.com\/about\/legal\/privacy\/<\/a><\/p><p>\u00a0<\/p><p><strong>5.Band-Einreichungsformular<\/strong><\/p><p>\u00dcber unser Band-Einreichungsformular kannst du uns Informationen zu deiner Band \u00fcbermitteln, um f\u00fcr zuk\u00fcnftige Veranstaltungen oder Kooperationen ber\u00fccksichtigt zu werden. Dabei verarbeiten wir die Daten, die du im Formular eintr\u00e4gst (z. B. Bandname, E-Mail-Adresse, Kurzbeschreibung, Social-Media-Links, Videolinks sowie optional einen Link zu weiteren Materialien wie einem EPK).<\/p><p>Wir verwenden diese Angaben ausschlie\u00dflich zur Bearbeitung deiner Anfrage und zur Kontaktaufnahme mit dir.<\/p><p>Nach Absenden des Formulars erh\u00e4ltst du automatisch eine Eingangsbest\u00e4tigung an die von dir angegebene E-Mail-Adresse. Zus\u00e4tzlich sendet unser System eine interne Benachrichtigung an uns, damit wir deine Anfrage pr\u00fcfen k\u00f6nnen. Diese interne Nachricht enth\u00e4lt auch die IP-Adresse sowie den Zeitpunkt der Einreichung, um Missbrauch vorzubeugen und eine sichere Verarbeitung zu gew\u00e4hrleisten.<\/p><p>Zur Absicherung gegen Spam und automatisierte Angriffe setzen wir mehrere lokal gehostete Sicherheitsmechanismen ein (u. a. ein unsichtbares Captcha, ein Honeypot-Feld, zeitbasierte Pr\u00fcfungen und die Filterung bestimmter Wegwerf-E-Mail-Domains). Dabei werden keine Daten an externe Anbieter \u00fcbermittelt.<\/p><p>Rechtsgrundlagen dieser Verarbeitung sind deine Einwilligung gem\u00e4\u00df Art. 6 Abs. 1 lit. a DSGVO sowie unser berechtigtes Interesse an der Sicherheit und Funktionsf\u00e4higkeit unserer Website gem\u00e4\u00df Art. 6 Abs. 1 lit. f DSGVO.<\/p><p class=\"translation-block\"><strong>Your Rights<\/strong><br>You have the following rights regarding your data stored with us: the rights to information, correction, deletion, restriction, data portability, revocation, and objection. If you believe that the processing of your data violates data protection law or your data protection rights have otherwise been violated, you can contact us at <a href=\"mailto:office@dlc.co.at\" target=\"_self\">office@dlc.co.at<\/a> or lodge a complaint with the data protection authority.<\/p><p>You can reach us at the following contact details:<\/p><p><a href=\"mailto:office@dlc.co.at\">office@dlc.co.at<\/a><\/p><p>8530 Deutschlandsberg<\/p><p>Status: 01.01.2024<\/p>\t\t\t\t\t\t\t\t<\/div>\n\t\t\t\t<\/div>\n\t\t\t\t\t<\/div>\n\t\t<\/div>\n\t\t\t\t\t<\/div>\n\t\t<\/section>\n\t\t\t\t<\/div>","protected":false},"excerpt":{"rendered":"<p>Datenschutzerkl\u00e4rung Der Schutz deiner pers\u00f6nlichen Daten ist uns ein besonderes Anliegen. Wir verarbeiten deine Daten daher ausschlie\u00dflich auf Grundlage der gesetzlichen Bestimmungen (DSGVO, TKG 2003). In diesen Datenschutzinformationen informieren wir dich \u00fcber die wichtigsten Aspekte der Datenverarbeitung im Rahmen unserer Website. Beim Besuch unserer Webseite wird Ihre IP-Adresse, Beginn und Ende der Sitzung f\u00fcr die [&hellip;]<\/p>\n","protected":false},"author":1,"featured_media":0,"parent":0,"menu_order":0,"comment_status":"closed","ping_status":"closed","template":"","meta":{"_acf_changed":false,"inline_featured_image":false,"footnotes":""},"class_list":["post-199","page","type-page","status-publish","hentry"],"acf":[],"yoast_head":"<!-- This site is optimized with the Yoast SEO plugin v27.3 - https:\/\/yoast.com\/product\/yoast-seo-wordpress\/ -->\n<title>Datenschutz - DLC - Deutschlandsberger Lifestyle Club<\/title>\n<meta name=\"robots\" content=\"noindex, follow\" \/>\n<meta property=\"og:locale\" content=\"en_GB\" \/>\n<meta property=\"og:type\" content=\"article\" \/>\n<meta property=\"og:title\" content=\"Datenschutz - DLC - Deutschlandsberger Lifestyle Club\" \/>\n<meta property=\"og:description\" content=\"Datenschutzerkl\u00e4rung Der Schutz deiner pers\u00f6nlichen Daten ist uns ein besonderes Anliegen. Wir verarbeiten deine Daten daher ausschlie\u00dflich auf Grundlage der gesetzlichen Bestimmungen (DSGVO, TKG 2003). In diesen Datenschutzinformationen informieren wir dich \u00fcber die wichtigsten Aspekte der Datenverarbeitung im Rahmen unserer Website. Beim Besuch unserer Webseite wird Ihre IP-Adresse, Beginn und Ende der Sitzung f\u00fcr die [&hellip;]\" \/>\n<meta property=\"og:url\" content=\"https:\/\/dlc.co.at\/en\/datenschutz\/\" \/>\n<meta property=\"og:site_name\" content=\"DLC - Deutschlandsberger Lifestyle Club\" \/>\n<meta property=\"article:publisher\" content=\"https:\/\/www.facebook.com\/profile.php?id=100084118183139\" \/>\n<meta property=\"article:modified_time\" content=\"2025-11-27T12:28:51+00:00\" \/>\n<meta name=\"twitter:card\" content=\"summary_large_image\" \/>\n<meta name=\"twitter:label1\" content=\"Estimated reading time\" \/>\n\t<meta name=\"twitter:data1\" content=\"6 minutes\" \/>\n<script type=\"application\/ld+json\" class=\"yoast-schema-graph\">{\"@context\":\"https:\\\/\\\/schema.org\",\"@graph\":[{\"@type\":\"WebPage\",\"@id\":\"https:\\\/\\\/dlc.co.at\\\/datenschutz\\\/\",\"url\":\"https:\\\/\\\/dlc.co.at\\\/datenschutz\\\/\",\"name\":\"Datenschutz - DLC - Deutschlandsberger Lifestyle Club\",\"isPartOf\":{\"@id\":\"https:\\\/\\\/dlc.co.at\\\/#website\"},\"datePublished\":\"2022-11-28T20:17:50+00:00\",\"dateModified\":\"2025-11-27T12:28:51+00:00\",\"breadcrumb\":{\"@id\":\"https:\\\/\\\/dlc.co.at\\\/datenschutz\\\/#breadcrumb\"},\"inLanguage\":\"en-GB\",\"potentialAction\":[{\"@type\":\"ReadAction\",\"target\":[\"https:\\\/\\\/dlc.co.at\\\/datenschutz\\\/\"]}]},{\"@type\":\"BreadcrumbList\",\"@id\":\"https:\\\/\\\/dlc.co.at\\\/datenschutz\\\/#breadcrumb\",\"itemListElement\":[{\"@type\":\"ListItem\",\"position\":1,\"name\":\"Startseite\",\"item\":\"https:\\\/\\\/dlc.co.at\\\/\"},{\"@type\":\"ListItem\",\"position\":2,\"name\":\"Datenschutz\"}]},{\"@type\":\"WebSite\",\"@id\":\"https:\\\/\\\/dlc.co.at\\\/#website\",\"url\":\"https:\\\/\\\/dlc.co.at\\\/\",\"name\":\"DLC - Deutschlandsberger Lifestyle Club\",\"description\":\"Verein zur F\u00f6rderung von Musik, Kunst und Kultur in Deutschlandsberg\",\"publisher\":{\"@id\":\"https:\\\/\\\/dlc.co.at\\\/#organization\"},\"potentialAction\":[{\"@type\":\"SearchAction\",\"target\":{\"@type\":\"EntryPoint\",\"urlTemplate\":\"https:\\\/\\\/dlc.co.at\\\/?s={search_term_string}\"},\"query-input\":{\"@type\":\"PropertyValueSpecification\",\"valueRequired\":true,\"valueName\":\"search_term_string\"}}],\"inLanguage\":\"en-GB\"},{\"@type\":\"Organization\",\"@id\":\"https:\\\/\\\/dlc.co.at\\\/#organization\",\"name\":\"DLC - Deutschlandsberger Lifestyle Club\",\"url\":\"https:\\\/\\\/dlc.co.at\\\/\",\"logo\":{\"@type\":\"ImageObject\",\"inLanguage\":\"en-GB\",\"@id\":\"https:\\\/\\\/dlc.co.at\\\/#\\\/schema\\\/logo\\\/image\\\/\",\"url\":\"https:\\\/\\\/dlc.co.at\\\/wp-content\\\/uploads\\\/2022\\\/12\\\/dlc_logo_black.svg\",\"contentUrl\":\"https:\\\/\\\/dlc.co.at\\\/wp-content\\\/uploads\\\/2022\\\/12\\\/dlc_logo_black.svg\",\"width\":234,\"height\":234,\"caption\":\"DLC - Deutschlandsberger Lifestyle Club\"},\"image\":{\"@id\":\"https:\\\/\\\/dlc.co.at\\\/#\\\/schema\\\/logo\\\/image\\\/\"},\"sameAs\":[\"https:\\\/\\\/www.facebook.com\\\/profile.php?id=100084118183139\",\"https:\\\/\\\/www.instagram.com\\\/dlbg_lfstyl_club\\\/\"]}]}<\/script>\n<!-- \/ Yoast SEO plugin. -->","yoast_head_json":{"title":"Datenschutz - DLC - Deutschlandsberger Lifestyle Club","robots":{"index":"noindex","follow":"follow"},"og_locale":"en_GB","og_type":"article","og_title":"Datenschutz - DLC - Deutschlandsberger Lifestyle Club","og_description":"Datenschutzerkl\u00e4rung Der Schutz deiner pers\u00f6nlichen Daten ist uns ein besonderes Anliegen. Wir verarbeiten deine Daten daher ausschlie\u00dflich auf Grundlage der gesetzlichen Bestimmungen (DSGVO, TKG 2003). In diesen Datenschutzinformationen informieren wir dich \u00fcber die wichtigsten Aspekte der Datenverarbeitung im Rahmen unserer Website. Beim Besuch unserer Webseite wird Ihre IP-Adresse, Beginn und Ende der Sitzung f\u00fcr die [&hellip;]","og_url":"https:\/\/dlc.co.at\/en\/datenschutz\/","og_site_name":"DLC - Deutschlandsberger Lifestyle Club","article_publisher":"https:\/\/www.facebook.com\/profile.php?id=100084118183139","article_modified_time":"2025-11-27T12:28:51+00:00","twitter_card":"summary_large_image","twitter_misc":{"Estimated reading time":"6 minutes"},"schema":{"@context":"https:\/\/schema.org","@graph":[{"@type":"WebPage","@id":"https:\/\/dlc.co.at\/datenschutz\/","url":"https:\/\/dlc.co.at\/datenschutz\/","name":"Datenschutz - DLC - Deutschlandsberger Lifestyle Club","isPartOf":{"@id":"https:\/\/dlc.co.at\/#website"},"datePublished":"2022-11-28T20:17:50+00:00","dateModified":"2025-11-27T12:28:51+00:00","breadcrumb":{"@id":"https:\/\/dlc.co.at\/datenschutz\/#breadcrumb"},"inLanguage":"en-GB","potentialAction":[{"@type":"ReadAction","target":["https:\/\/dlc.co.at\/datenschutz\/"]}]},{"@type":"BreadcrumbList","@id":"https:\/\/dlc.co.at\/datenschutz\/#breadcrumb","itemListElement":[{"@type":"ListItem","position":1,"name":"Startseite","item":"https:\/\/dlc.co.at\/"},{"@type":"ListItem","position":2,"name":"Datenschutz"}]},{"@type":"WebSite","@id":"https:\/\/dlc.co.at\/#website","url":"https:\/\/dlc.co.at\/","name":"DLC - Deutschlandsberger Lifestyle Club","description":"Verein zur F\u00f6rderung von Musik, Kunst und Kultur in Deutschlandsberg","publisher":{"@id":"https:\/\/dlc.co.at\/#organization"},"potentialAction":[{"@type":"SearchAction","target":{"@type":"EntryPoint","urlTemplate":"https:\/\/dlc.co.at\/?s={search_term_string}"},"query-input":{"@type":"PropertyValueSpecification","valueRequired":true,"valueName":"search_term_string"}}],"inLanguage":"en-GB"},{"@type":"Organization","@id":"https:\/\/dlc.co.at\/#organization","name":"DLC - Deutschlandsberger Lifestyle Club","url":"https:\/\/dlc.co.at\/","logo":{"@type":"ImageObject","inLanguage":"en-GB","@id":"https:\/\/dlc.co.at\/#\/schema\/logo\/image\/","url":"https:\/\/dlc.co.at\/wp-content\/uploads\/2022\/12\/dlc_logo_black.svg","contentUrl":"https:\/\/dlc.co.at\/wp-content\/uploads\/2022\/12\/dlc_logo_black.svg","width":234,"height":234,"caption":"DLC - Deutschlandsberger Lifestyle Club"},"image":{"@id":"https:\/\/dlc.co.at\/#\/schema\/logo\/image\/"},"sameAs":["https:\/\/www.facebook.com\/profile.php?id=100084118183139","https:\/\/www.instagram.com\/dlbg_lfstyl_club\/"]}]}},"_links":{"self":[{"href":"https:\/\/dlc.co.at\/en\/wp-json\/wp\/v2\/pages\/199","targetHints":{"allow":["GET"]}}],"collection":[{"href":"https:\/\/dlc.co.at\/en\/wp-json\/wp\/v2\/pages"}],"about":[{"href":"https:\/\/dlc.co.at\/en\/wp-json\/wp\/v2\/types\/page"}],"author":[{"embeddable":true,"href":"https:\/\/dlc.co.at\/en\/wp-json\/wp\/v2\/users\/1"}],"replies":[{"embeddable":true,"href":"https:\/\/dlc.co.at\/en\/wp-json\/wp\/v2\/comments?post=199"}],"version-history":[{"count":58,"href":"https:\/\/dlc.co.at\/en\/wp-json\/wp\/v2\/pages\/199\/revisions"}],"predecessor-version":[{"id":33196,"href":"https:\/\/dlc.co.at\/en\/wp-json\/wp\/v2\/pages\/199\/revisions\/33196"}],"wp:attachment":[{"href":"https:\/\/dlc.co.at\/en\/wp-json\/wp\/v2\/media?parent=199"}],"curies":[{"name":"wp","href":"https:\/\/api.w.org\/{rel}","templated":true}]}}